{"id":318,"date":"2024-04-17T15:05:36","date_gmt":"2024-04-17T13:05:36","guid":{"rendered":"https:\/\/hhia.hamburg\/hamburg-innovation-award-2026\/"},"modified":"2026-04-07T13:46:02","modified_gmt":"2026-04-07T11:46:02","slug":"hamburg-innovation-award-2026","status":"publish","type":"page","link":"https:\/\/hhia.hamburg\/de\/hamburg-innovation-award-2026\/","title":{"rendered":"Hamburg Innovation Award 2026"},"content":{"rendered":"\n<div class=\"wp-block-group alignwide has-global-padding is-layout-constrained wp-block-group-is-layout-constrained\">\n<h2 class=\"wp-block-heading\"><em>Hier stehen die brillantesten Ideen Hamburgs im Mittelpunkt.<\/em><\/h2>\n\n\n\n<p>Der Hamburg Innovation Summit (HHIS) bringt die ambitioniertesten Innovatoren, Kreativen und zuk\u00fcnftigen F\u00fchrungskr\u00e4fte der Region zusammen. Eines der gr\u00f6\u00dften Highlights:<br\/>\ud83c\udf89 Die offizielle Verleihung der Hamburg Innovation Awards 2026 \u2013 eine W\u00fcrdigung der vielversprechendsten Teams, die die Zukunft gestalten. <\/p>\n\n\n\n<p>Jetzt bist du an der Reihe, dabei zu sein.<\/p>\n\n\n\n<div style=\"height:20px\" aria-hidden=\"true\" class=\"wp-block-spacer\"><\/div>\n\n\n\n<h2 class=\"wp-block-heading\"><strong>W\u00e4hle die Kategorie, die zu deiner Vision passt<\/strong><\/h2>\n\n\n\n<div style=\"height:29px\" aria-hidden=\"true\" class=\"wp-block-spacer\"><\/div>\n\n\n\n<h3 class=\"wp-block-heading\">\ud83e\udde0 <strong>Ideation \u2013 powered by Startup Port<\/strong><\/h3>\n\n\n\n<p>F\u00fcr Vordenker, Vision\u00e4re und Gr\u00fcnderteams, die noch ganz am Anfang stehen.<br\/>Ideal, wenn das Startup:<\/p>\n\n\n\n<ul class=\"wp-block-list\">\n<li>Im Vorstadium oder in der allerfr\u00fchesten Entwicklungsphase ist<\/li>\n\n\n\n<li>Noch nicht als Gewerbe angemeldet ist oder die Gewerbeanmeldung fr\u00fchestens am 03.05.2026 erfolgt<\/li>\n\n\n\n<li>Noch nicht auf dem Markt vertreten ist oder erst am Anfang<\/li>\n<\/ul>\n\n\n\n<p>Wenn das Startup etwas Innovatives oder Technologisches entwickelt \u2013 auch wenn es noch in der Planungsphase ist \u2013, dann ist dies die richtige Kategorie.<\/p>\n\n\n\n<div style=\"height:65px\" aria-hidden=\"true\" class=\"wp-block-spacer\"><\/div>\n\n\n\n<h3 class=\"wp-block-heading\">\ud83d\ude80 <strong>Start \u2013 powered by Startup City Hamburg<\/strong><\/h3>\n\n\n\n<p>F\u00fcr Startups, die bereits die ersten Schritte gemacht haben und nun bereit sind, richtig durchzustarten.<br\/>Diese Kategorie passt, wenn:<\/p>\n\n\n\n<ul class=\"wp-block-list\">\n<li>Das Startup ist bereits auf dem Markt<\/li>\n\n\n\n<li>Das Unternehmen wurde am oder nach dem 03.05.2021 gegr\u00fcndet<\/li>\n\n\n\n<li>Das Startup ist in der Anfangsphase der Unternehmensentwicklung und ist bereit f\u00fcr mehr Sichtbarkeit<\/li>\n<\/ul>\n\n\n\n<p>Das Unternehmen ist gegr\u00fcndet und soll nun an Fahrt gewinnen \u2013 dann ist jetzt der richtige Zeitpunkt.<\/p>\n\n\n\n<div style=\"height:65px\" aria-hidden=\"true\" class=\"wp-block-spacer\"><\/div>\n\n\n\n<h3 class=\"wp-block-heading\">\ud83c\udf0d <strong>International Founders \u2013 powered by Innovationstarter (IFB Hamburg)<\/strong><\/h3>\n\n\n\n<p>Diese Kategorie richtet sich an internationale Gr\u00fcnder und Gr\u00fcnderteams, die in Hamburg oder der Metropolregion t\u00e4tig sind.<\/p>\n\n\n\n<p>Teilnahmeberechtigt sind Einzelpersonen oder Teams, die ein innovatives, technologieorientiertes Start-up planen oder aufbauen. Die offizielle Unternehmensgr\u00fcndung darf nicht l\u00e4nger als f\u00fcnf Jahre zur\u00fcckliegen. <\/p>\n\n\n\n<p>Mindestens ein Mitglied des Gr\u00fcndungsteams muss ein internationaler Gr\u00fcnder sein (erste Generation, im Ausland geboren und mit eigener Migrationserfahrung) und mindestens 20 % der Anteile an dem Unternehmen halten.<br\/><br\/><br\/>PS: Die eigentliche Gr\u00fcndung (Eintragung ins Handelsregister) darf nicht vor 2021 stattgefunden haben und ist somit h\u00f6chstens f\u00fcnf Jahre alt.<\/p>\n\n\n\n<div style=\"height:65px\" aria-hidden=\"true\" class=\"wp-block-spacer\"><\/div>\n\n\n\n<h2 class=\"wp-block-heading\"><strong>Bereit f\u00fcr die HHIS-B\u00fchne?<\/strong><\/h2>\n\n\n\n<p>Jetzt die Bewerbungsunterlagen herunterladen und den ersten Schritt machen, um 2026 zu den f\u00fchrenden Innovatoren Hamburgs zu geh\u00f6ren.<\/p>\n<\/div>\n\n<div data-wp-interactive=\"core\/file\" class=\"wp-block-file\"><object data-wp-bind--hidden=\"!state.hasPdfPreview\" hidden class=\"wp-block-file__embed\" data=\"https:\/\/hhia.hamburg\/wp-content\/uploads\/HHIA2026_K1S1-2A_START_Informationen.pdf\" type=\"application\/pdf\" style=\"width:100%;height:600px\" aria-label=\"Einbettung von HHIA2026_K1S1-2A_START_Informationen.\"><\/object><a id=\"wp-block-file--media-8c4c4370-ea8e-4270-a714-31522964e5a2\" href=\"https:\/\/hhia.hamburg\/wp-content\/uploads\/HHIA2026_K1S1-2A_START_Informationen.pdf\">HHIA2026_K1S1-2A_START_Informationen<\/a><a href=\"https:\/\/hhia.hamburg\/wp-content\/uploads\/HHIA2026_K1S1-2A_START_Informationen.pdf\" class=\"wp-block-file__button wp-element-button\" download=\"\" aria-describedby=\"wp-block-file--media-8c4c4370-ea8e-4270-a714-31522964e5a2\">Download<\/a><\/div>\n\n<div data-wp-interactive=\"core\/file\" class=\"wp-block-file\"><object data-wp-bind--hidden=\"!state.hasPdfPreview\" hidden class=\"wp-block-file__embed\" data=\"https:\/\/hhia.hamburg\/wp-content\/uploads\/HHIA2026_K1S2B_START_Participation-documents.pdf\" type=\"application\/pdf\" style=\"width:100%;height:600px\" aria-label=\"Einbettung von HHIA2026_K1S2B_START_Participation documents.\"><\/object><a id=\"wp-block-file--media-24443904-9674-410b-ad50-6ee27e99f860\" href=\"https:\/\/hhia.hamburg\/wp-content\/uploads\/HHIA2026_K1S2B_START_Participation-documents.pdf\">HHIA2026_K1S2B_START_Participation documents<\/a><a href=\"https:\/\/hhia.hamburg\/wp-content\/uploads\/HHIA2026_K1S2B_START_Participation-documents.pdf\" class=\"wp-block-file__button wp-element-button\" download=\"\" aria-describedby=\"wp-block-file--media-24443904-9674-410b-ad50-6ee27e99f860\">Download<\/a><\/div>\n\n<div data-wp-interactive=\"core\/file\" class=\"wp-block-file\"><object data-wp-bind--hidden=\"!state.hasPdfPreview\" hidden class=\"wp-block-file__embed\" data=\"https:\/\/hhia.hamburg\/wp-content\/uploads\/HHIA2026_K2S1-2A_IDEATION_Informationen.pdf\" type=\"application\/pdf\" style=\"width:100%;height:600px\" aria-label=\"Einbettung von HHIA2026_K2S1-2A_IDEATION_Informationen.\"><\/object><a id=\"wp-block-file--media-556c4702-ded2-4a20-8e66-0b146824bf6a\" href=\"https:\/\/hhia.hamburg\/wp-content\/uploads\/HHIA2026_K2S1-2A_IDEATION_Informationen.pdf\">HHIA2026_K2S1-2A_IDEATION_Informationen<\/a><a href=\"https:\/\/hhia.hamburg\/wp-content\/uploads\/HHIA2026_K2S1-2A_IDEATION_Informationen.pdf\" class=\"wp-block-file__button wp-element-button\" download=\"\" aria-describedby=\"wp-block-file--media-556c4702-ded2-4a20-8e66-0b146824bf6a\">Download<\/a><\/div>\n\n<div data-wp-interactive=\"core\/file\" class=\"wp-block-file\"><object data-wp-bind--hidden=\"!state.hasPdfPreview\" hidden class=\"wp-block-file__embed\" data=\"https:\/\/hhia.hamburg\/wp-content\/uploads\/HHIA2026_K2S2B_IDEATION_Participation-documents.pdf\" type=\"application\/pdf\" style=\"width:100%;height:600px\" aria-label=\"Einbettung von HHIA2026_K2S2B_IDEATION_Participation documents.\"><\/object><a id=\"wp-block-file--media-4efb5493-e027-455d-bd6e-dd24ed258b52\" href=\"https:\/\/hhia.hamburg\/wp-content\/uploads\/HHIA2026_K2S2B_IDEATION_Participation-documents.pdf\">HHIA2026_K2S2B_IDEATION_Participation documents<\/a><a href=\"https:\/\/hhia.hamburg\/wp-content\/uploads\/HHIA2026_K2S2B_IDEATION_Participation-documents.pdf\" class=\"wp-block-file__button wp-element-button\" download=\"\" aria-describedby=\"wp-block-file--media-4efb5493-e027-455d-bd6e-dd24ed258b52\">Download<\/a><\/div>\n\n<div data-wp-interactive=\"core\/file\" class=\"wp-block-file\"><object data-wp-bind--hidden=\"!state.hasPdfPreview\" hidden class=\"wp-block-file__embed\" data=\"https:\/\/hhia.hamburg\/wp-content\/uploads\/HHIA2026_K3S1-2A_INTERNATIONAL-FOUNDER_Informationen.pdf\" type=\"application\/pdf\" style=\"width:100%;height:600px\" aria-label=\"Einbettung von HHIA2026_K3S1-2A_INTERNATIONAL FOUNDER_Informationen.\"><\/object><a id=\"wp-block-file--media-3977ae65-4a5c-43c3-b665-20bddfab7460\" href=\"https:\/\/hhia.hamburg\/wp-content\/uploads\/HHIA2026_K3S1-2A_INTERNATIONAL-FOUNDER_Informationen.pdf\">HHIA2026_K3S1-2A_INTERNATIONAL FOUNDER_Informationen<\/a><a href=\"https:\/\/hhia.hamburg\/wp-content\/uploads\/HHIA2026_K3S1-2A_INTERNATIONAL-FOUNDER_Informationen.pdf\" class=\"wp-block-file__button wp-element-button\" download=\"\" aria-describedby=\"wp-block-file--media-3977ae65-4a5c-43c3-b665-20bddfab7460\">Download<\/a><\/div>\n\n<div data-wp-interactive=\"core\/file\" class=\"wp-block-file\"><object data-wp-bind--hidden=\"!state.hasPdfPreview\" hidden class=\"wp-block-file__embed\" data=\"https:\/\/hhia.hamburg\/wp-content\/uploads\/HHIA2026_INTERNATIONAL-FOUNDER_Participation-documents.pdf\" type=\"application\/pdf\" style=\"width:100%;height:600px\" aria-label=\"Einbettung von HHIA2026_K3S2B_INTERNATIONAL FOUNDER_Informationen.\"><\/object><a id=\"wp-block-file--media-905e6ccb-88be-46a7-ad97-72edb9ad6f57\" href=\"https:\/\/hhia.hamburg\/wp-content\/uploads\/HHIA2026_INTERNATIONAL-FOUNDER_Participation-documents.pdf\">HHIA2026_K3S2B_INTERNATIONAL FOUNDER_Informationen<\/a><a href=\"https:\/\/hhia.hamburg\/wp-content\/uploads\/HHIA2026_INTERNATIONAL-FOUNDER_Participation-documents.pdf\" class=\"wp-block-file__button wp-element-button\" download=\"\" aria-describedby=\"wp-block-file--media-905e6ccb-88be-46a7-ad97-72edb9ad6f57\">Download<\/a><\/div>\n","protected":false},"excerpt":{"rendered":"<p>Hier stehen die brillantesten Ideen Hamburgs im Mittelpunkt. Der Hamburg Innovation Summit (HHIS) bringt die ambitioniertesten Innovatoren, Kreativen und zuk\u00fcnftigen F\u00fchrungskr\u00e4fte der Region zusammen. Eines der gr\u00f6\u00dften Highlights:\ud83c\udf89 Die offizielle Verleihung der Hamburg Innovation Awards 2026 \u2013 eine W\u00fcrdigung der vielversprechendsten Teams, die die Zukunft gestalten. Jetzt bist du an der Reihe, dabei zu sein. [&hellip;]<\/p>\n","protected":false},"author":1,"featured_media":0,"parent":0,"menu_order":0,"comment_status":"closed","ping_status":"closed","template":"","meta":{"footnotes":""},"class_list":["post-318","page","type-page","status-publish","hentry"],"_links":{"self":[{"href":"https:\/\/hhia.hamburg\/de\/wp-json\/wp\/v2\/pages\/318","targetHints":{"allow":["GET"]}}],"collection":[{"href":"https:\/\/hhia.hamburg\/de\/wp-json\/wp\/v2\/pages"}],"about":[{"href":"https:\/\/hhia.hamburg\/de\/wp-json\/wp\/v2\/types\/page"}],"author":[{"embeddable":true,"href":"https:\/\/hhia.hamburg\/de\/wp-json\/wp\/v2\/users\/1"}],"replies":[{"embeddable":true,"href":"https:\/\/hhia.hamburg\/de\/wp-json\/wp\/v2\/comments?post=318"}],"version-history":[{"count":9,"href":"https:\/\/hhia.hamburg\/de\/wp-json\/wp\/v2\/pages\/318\/revisions"}],"predecessor-version":[{"id":376,"href":"https:\/\/hhia.hamburg\/de\/wp-json\/wp\/v2\/pages\/318\/revisions\/376"}],"wp:attachment":[{"href":"https:\/\/hhia.hamburg\/de\/wp-json\/wp\/v2\/media?parent=318"}],"curies":[{"name":"wp","href":"https:\/\/api.w.org\/{rel}","templated":true}]}}