{"id":2539,"date":"2026-04-19T15:34:51","date_gmt":"2026-04-19T13:34:51","guid":{"rendered":"https:\/\/hhia.hamburg\/legal-notice\/"},"modified":"2026-04-19T15:53:03","modified_gmt":"2026-04-19T13:53:03","slug":"legal-notice","status":"publish","type":"page","link":"https:\/\/hhia.hamburg\/en\/legal-notice\/","title":{"rendered":"Legal notice"},"content":{"rendered":"\t\t<div data-elementor-type=\"wp-page\" data-elementor-id=\"2539\" class=\"elementor elementor-2539 elementor-2511\" data-elementor-post-type=\"page\">\n\t\t\t\t<div class=\"elementor-element elementor-element-3cfaeee e-flex e-con-boxed e-con e-parent\" data-id=\"3cfaeee\" data-element_type=\"container\" data-e-type=\"container\" id=\"ueber\" data-settings=\"{&quot;background_background&quot;:&quot;classic&quot;}\">\n\t\t\t\t\t<div class=\"e-con-inner\">\n\t\t<div class=\"elementor-element elementor-element-fde58f7 e-con-full e-flex e-con e-child\" data-id=\"fde58f7\" data-element_type=\"container\" data-e-type=\"container\">\n\t\t\t\t<div class=\"elementor-element elementor-element-0b8d145 elementor-widget elementor-widget-heading\" data-id=\"0b8d145\" data-element_type=\"widget\" data-e-type=\"widget\" data-widget_type=\"heading.default\">\n\t\t\t\t\t<h1 class=\"elementor-heading-title elementor-size-default\">Legal notice<\/h1>\t\t\t\t<\/div>\n\t\t\t\t<div class=\"elementor-element elementor-element-c579ccd elementor-widget elementor-widget-text-editor\" data-id=\"c579ccd\" data-element_type=\"widget\" data-e-type=\"widget\" data-widget_type=\"text-editor.default\">\n\t\t\t\t\t\t\t\t\t<h3>Responsible for the content of<br>HHIA &#8211; hhia.hamburg:<\/h3>\t\t\t\t\t\t\t\t<\/div>\n\t\t\t\t<div class=\"elementor-element elementor-element-45236e1 elementor-widget elementor-widget-text-editor\" data-id=\"45236e1\" data-element_type=\"widget\" data-e-type=\"widget\" data-widget_type=\"text-editor.default\">\n\t\t\t\t\t\t\t\t\t<p><strong>Hamburg Innovation GmbH<\/strong><\/p><p>Harburger Schlo\u00dfstra\u00dfe 6-12<br>21079 Hamburg<br>(Registered company address as listed in the commercial register)<\/p><p>represented by:<br>Johanna Gro\u00dfe-Lohmann (Gesch\u00e4ftsf\u00fchrung)<\/p><p>Office:<br>Zippelhaus 4<br>20457 Hamburg<\/p><p>Register and register number:<\/p><p>Register court Hamburg, HRB 91249<\/p><p>Sales tax identification number:<\/p><p>UST-Id.-Nr.: DE 238 088 372<\/p><p>CEO<br>Johanna Gro\u00dfe-Lohmann<br>Dr. Falko Brinkmann<br>Telefon: <a href=\"http:\/\/+49%2040%2022899070\"><span style=\"color: #cf0067;\">tel:+494022899070<\/span><\/a><br>E-Mail: <a href=\"mailto:info@hamburginnovation.de\"><span style=\"color: #cf0067;\">info@hamburginnovation.de<\/span><\/a><\/p><p>Antikorruptionsbeauftragter<br>Jochen Kilian<br>Telefon: +49 40 76629-6121<br>E-Mail: kilian@tutech.de<\/p>\t\t\t\t\t\t\t\t<\/div>\n\t\t\t\t<div class=\"elementor-element elementor-element-04fff34 elementor-widget elementor-widget-text-editor\" data-id=\"04fff34\" data-element_type=\"widget\" data-e-type=\"widget\" data-widget_type=\"text-editor.default\">\n\t\t\t\t\t\t\t\t\t<h3>Transparency Documents<\/h3><p><small>\u2022 <a href=\"https:\/\/hamburginnovation.de\/pdf\/transparency-documents\/HI_Gesellschaftsvertrag.pdf\">HI_Gesellschaftsvertrag.pdf<\/a><\/small><\/p><p><small>\u2022 HI Entsprechenserkl\u00e4rungen zum HCGK: <a href=\"https:\/\/hamburginnovation.de\/pdf\/transparency-documents\/HI_Entsprechens-Erklaerung-zum-HCGK_2018.pdf\">2018<\/a>, <a href=\"https:\/\/hamburginnovation.de\/pdf\/transparency-documents\/HI_Entsprechens-Erklaerung-zum-HCGK_2019.pdf\">2019<\/a>, <a href=\"https:\/\/hamburginnovation.de\/pdf\/transparency-documents\/HI_Entsprechens-Erklaerung-zum-HCGK_2020.pdf\">2020<\/a>, <a href=\"https:\/\/hamburginnovation.de\/pdf\/transparency-documents\/HI_Entsprechens-Erklaerung-zum-HCGK_2021.pdf\">2021<\/a>, <a href=\"https:\/\/hamburginnovation.de\/pdf\/transparency-documents\/HI_Entsprechens-Erklaerung-zum-HCGK_2022.pdf\">2022<\/a>, <a href=\"https:\/\/hamburginnovation.de\/pdf\/transparency-documents\/HI_Entsprechens-Erklaerung-zum-HCGK_2023.pdf\" target=\"_blank\" rel=\"noopener\">2023<\/a>, <a href=\"https:\/\/hamburginnovation.de\/pdf\/transparency-documents\/HI_Entsprechens-Erklaerung-zum-HCGK_2024.pdf\" target=\"_blank\" rel=\"noopener\">2024<\/a>, <a href=\"https:\/\/hamburginnovation.de\/wp-content\/uploads\/2026\/02\/2026-01-23_HI_Transparenz_HCGK-Entsprechenerklaerung_2025_GT_FB.pdf\" target=\"_blank\" rel=\"noopener\">2025<\/a><\/small><\/p><p><small>\u2022 <a href=\"https:\/\/hamburginnovation.de\/pdf\/transparency-documents\/HI_Jahresabschluss_Lagebericht_2024.pdf\" target=\"_blank\" rel=\"noopener\">HI_Jahresabschluss_Lagebericht_2024.pdf<\/a><\/small><\/p><p><small>\u2022 <a href=\"https:\/\/hamburginnovation.de\/pdf\/transparency-documents\/HI_GO_Aufsichtsrat.pdf\" target=\"_blank\" rel=\"noopener\">HI_GO_Aufsichtsrat.pdf<\/a><\/small><\/p><p><small>\u2022 HI Medientransparenzreport: <a href=\"https:\/\/hamburginnovation.de\/wp-content\/uploads\/2026\/02\/2026-02-16_HI_Medientransparenzreport_GJ_2024.pdf\">2024<\/a>, <a href=\"https:\/\/hamburginnovation.de\/wp-content\/uploads\/2026\/02\/2026-02-16_HI_Medientransparenzreport_GJ_2025.pdf\">2025<\/a><\/small><\/p>\t\t\t\t\t\t\t\t<\/div>\n\t\t\t\t<\/div>\n\t\t\t\t\t<\/div>\n\t\t\t\t<\/div>\n\t\t<div class=\"elementor-element elementor-element-878608b e-flex e-con-boxed e-con e-parent\" data-id=\"878608b\" data-element_type=\"container\" data-e-type=\"container\" data-settings=\"{&quot;background_background&quot;:&quot;classic&quot;}\">\n\t\t\t\t\t<div class=\"e-con-inner\">\n\t\t<div class=\"elementor-element elementor-element-b3c8e8c e-con-full e-flex e-con e-child\" data-id=\"b3c8e8c\" data-element_type=\"container\" data-e-type=\"container\">\n\t\t\t\t<div class=\"elementor-element elementor-element-7c6f7e4 elementor-widget elementor-widget-text-editor\" data-id=\"7c6f7e4\" data-element_type=\"widget\" data-e-type=\"widget\" data-widget_type=\"text-editor.default\">\n\t\t\t\t\t\t\t\t\t<h3>Allgemeine Gesch\u00e4ftsbedingungen<\/h3><p><a href=\"https:\/\/hamburginnovation.de\/wp-content\/uploads\/2020\/06\/HI_AGBs.pdf\" target=\"_blank\" rel=\"noopener\">Allgemeine Gesch\u00e4ftsbedingungen der Hamburg Innovation GmbH<\/a> <strong>(PDF)<\/strong><\/p><p><a href=\"https:\/\/hamburginnovation.de\/wp-content\/uploads\/2020\/06\/HI_AGB_Sonderteil_I.pdf\" target=\"_blank\" rel=\"noopener\">Sonderteil I \u201eBestimmungen bei Durchf\u00fchrung von Veranstaltungen\u201c zu den Allgemeinen Gesch\u00e4ftsbedingungen der Hamburg Innovation GmbH<\/a> <strong>(PDF)<\/strong><\/p>\t\t\t\t\t\t\t\t<\/div>\n\t\t\t\t<\/div>\n\t\t\t\t\t<\/div>\n\t\t\t\t<\/div>\n\t\t\t\t<\/div>\n\t\t","protected":false},"excerpt":{"rendered":"<p>Legal notice Responsible for the content ofHHIA &#8211; hhia.hamburg: Hamburg Innovation GmbH Harburger Schlo\u00dfstra\u00dfe 6-1221079 Hamburg(Registered company address as listed in the commercial register) represented by:Johanna Gro\u00dfe-Lohmann (Gesch\u00e4ftsf\u00fchrung) Office:Zippelhaus 420457 Hamburg Register and register number: Register court Hamburg, HRB 91249 Sales tax identification number: UST-Id.-Nr.: DE 238 088 372 CEOJohanna Gro\u00dfe-LohmannDr. Falko BrinkmannTelefon: tel:+494022899070E-Mail: info@hamburginnovation.de [&hellip;]<\/p>\n","protected":false},"author":9,"featured_media":0,"parent":0,"menu_order":0,"comment_status":"closed","ping_status":"closed","template":"elementor_header_footer","meta":{"inline_featured_image":false,"footnotes":""},"class_list":["post-2539","page","type-page","status-publish","hentry"],"yoast_head":"<!-- This site is optimized with the Yoast SEO plugin v27.4 - https:\/\/yoast.com\/product\/yoast-seo-wordpress\/ -->\n<title>Legal notice - hhia.hamburg<\/title>\n<meta name=\"robots\" content=\"index, follow, max-snippet:-1, max-image-preview:large, max-video-preview:-1\" \/>\n<link rel=\"canonical\" href=\"https:\/\/hhia.hamburg\/en\/legal-notice\/\" \/>\n<meta property=\"og:locale\" content=\"en_US\" \/>\n<meta property=\"og:type\" content=\"article\" \/>\n<meta property=\"og:title\" content=\"Legal notice - hhia.hamburg\" \/>\n<meta property=\"og:description\" content=\"Legal notice Responsible for the content ofHHIA &#8211; hhia.hamburg: Hamburg Innovation GmbH Harburger Schlo\u00dfstra\u00dfe 6-1221079 Hamburg(Registered company address as listed in the commercial register) represented by:Johanna Gro\u00dfe-Lohmann (Gesch\u00e4ftsf\u00fchrung) Office:Zippelhaus 420457 Hamburg Register and register number: Register court Hamburg, HRB 91249 Sales tax identification number: UST-Id.-Nr.: DE 238 088 372 CEOJohanna Gro\u00dfe-LohmannDr. Falko BrinkmannTelefon: tel:+494022899070E-Mail: info@hamburginnovation.de [&hellip;]\" \/>\n<meta property=\"og:url\" content=\"https:\/\/hhia.hamburg\/en\/legal-notice\/\" \/>\n<meta property=\"og:site_name\" content=\"hhia.hamburg\" \/>\n<meta property=\"article:modified_time\" content=\"2026-04-19T13:53:03+00:00\" \/>\n<meta name=\"twitter:card\" content=\"summary_large_image\" \/>\n<meta name=\"twitter:label1\" content=\"Est. reading time\" \/>\n\t<meta name=\"twitter:data1\" content=\"1 minute\" \/>\n<script type=\"application\/ld+json\" class=\"yoast-schema-graph\">{\"@context\":\"https:\\\/\\\/schema.org\",\"@graph\":[{\"@type\":\"WebPage\",\"@id\":\"https:\\\/\\\/hhia.hamburg\\\/en\\\/legal-notice\\\/\",\"url\":\"https:\\\/\\\/hhia.hamburg\\\/en\\\/legal-notice\\\/\",\"name\":\"Legal notice - hhia.hamburg\",\"isPartOf\":{\"@id\":\"https:\\\/\\\/hhia.hamburg\\\/en\\\/#website\"},\"datePublished\":\"2026-04-19T13:34:51+00:00\",\"dateModified\":\"2026-04-19T13:53:03+00:00\",\"breadcrumb\":{\"@id\":\"https:\\\/\\\/hhia.hamburg\\\/en\\\/legal-notice\\\/#breadcrumb\"},\"inLanguage\":\"en-US\",\"potentialAction\":[{\"@type\":\"ReadAction\",\"target\":[\"https:\\\/\\\/hhia.hamburg\\\/en\\\/legal-notice\\\/\"]}]},{\"@type\":\"BreadcrumbList\",\"@id\":\"https:\\\/\\\/hhia.hamburg\\\/en\\\/legal-notice\\\/#breadcrumb\",\"itemListElement\":[{\"@type\":\"ListItem\",\"position\":1,\"name\":\"Start\",\"item\":\"https:\\\/\\\/hhia.hamburg\\\/en\\\/\"},{\"@type\":\"ListItem\",\"position\":2,\"name\":\"Legal notice\"}]},{\"@type\":\"WebSite\",\"@id\":\"https:\\\/\\\/hhia.hamburg\\\/en\\\/#website\",\"url\":\"https:\\\/\\\/hhia.hamburg\\\/en\\\/\",\"name\":\"Hamburg Innovation Awward\",\"description\":\"Hamburg Innovation Awards 2026\",\"publisher\":{\"@id\":\"https:\\\/\\\/hhia.hamburg\\\/en\\\/#organization\"},\"potentialAction\":[{\"@type\":\"SearchAction\",\"target\":{\"@type\":\"EntryPoint\",\"urlTemplate\":\"https:\\\/\\\/hhia.hamburg\\\/en\\\/?s={search_term_string}\"},\"query-input\":{\"@type\":\"PropertyValueSpecification\",\"valueRequired\":true,\"valueName\":\"search_term_string\"}}],\"inLanguage\":\"en-US\"},{\"@type\":\"Organization\",\"@id\":\"https:\\\/\\\/hhia.hamburg\\\/en\\\/#organization\",\"name\":\"Non-Profit Organization\",\"url\":\"https:\\\/\\\/hhia.hamburg\\\/en\\\/\",\"logo\":{\"@type\":\"ImageObject\",\"inLanguage\":\"en-US\",\"@id\":\"https:\\\/\\\/hhia.hamburg\\\/en\\\/#\\\/schema\\\/logo\\\/image\\\/\",\"url\":\"https:\\\/\\\/hhia.hamburg\\\/wp-content\\\/uploads\\\/HHIA-Logo-1.webp\",\"contentUrl\":\"https:\\\/\\\/hhia.hamburg\\\/wp-content\\\/uploads\\\/HHIA-Logo-1.webp\",\"width\":406,\"height\":250,\"caption\":\"Non-Profit Organization\"},\"image\":{\"@id\":\"https:\\\/\\\/hhia.hamburg\\\/en\\\/#\\\/schema\\\/logo\\\/image\\\/\"}}]}<\/script>\n<!-- \/ Yoast SEO plugin. -->","yoast_head_json":{"title":"Legal notice - hhia.hamburg","robots":{"index":"index","follow":"follow","max-snippet":"max-snippet:-1","max-image-preview":"max-image-preview:large","max-video-preview":"max-video-preview:-1"},"canonical":"https:\/\/hhia.hamburg\/en\/legal-notice\/","og_locale":"en_US","og_type":"article","og_title":"Legal notice - hhia.hamburg","og_description":"Legal notice Responsible for the content ofHHIA &#8211; hhia.hamburg: Hamburg Innovation GmbH Harburger Schlo\u00dfstra\u00dfe 6-1221079 Hamburg(Registered company address as listed in the commercial register) represented by:Johanna Gro\u00dfe-Lohmann (Gesch\u00e4ftsf\u00fchrung) Office:Zippelhaus 420457 Hamburg Register and register number: Register court Hamburg, HRB 91249 Sales tax identification number: UST-Id.-Nr.: DE 238 088 372 CEOJohanna Gro\u00dfe-LohmannDr. Falko BrinkmannTelefon: tel:+494022899070E-Mail: info@hamburginnovation.de [&hellip;]","og_url":"https:\/\/hhia.hamburg\/en\/legal-notice\/","og_site_name":"hhia.hamburg","article_modified_time":"2026-04-19T13:53:03+00:00","twitter_card":"summary_large_image","twitter_misc":{"Est. reading time":"1 minute"},"schema":{"@context":"https:\/\/schema.org","@graph":[{"@type":"WebPage","@id":"https:\/\/hhia.hamburg\/en\/legal-notice\/","url":"https:\/\/hhia.hamburg\/en\/legal-notice\/","name":"Legal notice - hhia.hamburg","isPartOf":{"@id":"https:\/\/hhia.hamburg\/en\/#website"},"datePublished":"2026-04-19T13:34:51+00:00","dateModified":"2026-04-19T13:53:03+00:00","breadcrumb":{"@id":"https:\/\/hhia.hamburg\/en\/legal-notice\/#breadcrumb"},"inLanguage":"en-US","potentialAction":[{"@type":"ReadAction","target":["https:\/\/hhia.hamburg\/en\/legal-notice\/"]}]},{"@type":"BreadcrumbList","@id":"https:\/\/hhia.hamburg\/en\/legal-notice\/#breadcrumb","itemListElement":[{"@type":"ListItem","position":1,"name":"Start","item":"https:\/\/hhia.hamburg\/en\/"},{"@type":"ListItem","position":2,"name":"Legal notice"}]},{"@type":"WebSite","@id":"https:\/\/hhia.hamburg\/en\/#website","url":"https:\/\/hhia.hamburg\/en\/","name":"Hamburg Innovation Awward","description":"Hamburg Innovation Awards 2026","publisher":{"@id":"https:\/\/hhia.hamburg\/en\/#organization"},"potentialAction":[{"@type":"SearchAction","target":{"@type":"EntryPoint","urlTemplate":"https:\/\/hhia.hamburg\/en\/?s={search_term_string}"},"query-input":{"@type":"PropertyValueSpecification","valueRequired":true,"valueName":"search_term_string"}}],"inLanguage":"en-US"},{"@type":"Organization","@id":"https:\/\/hhia.hamburg\/en\/#organization","name":"Non-Profit Organization","url":"https:\/\/hhia.hamburg\/en\/","logo":{"@type":"ImageObject","inLanguage":"en-US","@id":"https:\/\/hhia.hamburg\/en\/#\/schema\/logo\/image\/","url":"https:\/\/hhia.hamburg\/wp-content\/uploads\/HHIA-Logo-1.webp","contentUrl":"https:\/\/hhia.hamburg\/wp-content\/uploads\/HHIA-Logo-1.webp","width":406,"height":250,"caption":"Non-Profit Organization"},"image":{"@id":"https:\/\/hhia.hamburg\/en\/#\/schema\/logo\/image\/"}}]}},"_links":{"self":[{"href":"https:\/\/hhia.hamburg\/en\/wp-json\/wp\/v2\/pages\/2539","targetHints":{"allow":["GET"]}}],"collection":[{"href":"https:\/\/hhia.hamburg\/en\/wp-json\/wp\/v2\/pages"}],"about":[{"href":"https:\/\/hhia.hamburg\/en\/wp-json\/wp\/v2\/types\/page"}],"author":[{"embeddable":true,"href":"https:\/\/hhia.hamburg\/en\/wp-json\/wp\/v2\/users\/9"}],"replies":[{"embeddable":true,"href":"https:\/\/hhia.hamburg\/en\/wp-json\/wp\/v2\/comments?post=2539"}],"version-history":[{"count":1,"href":"https:\/\/hhia.hamburg\/en\/wp-json\/wp\/v2\/pages\/2539\/revisions"}],"predecessor-version":[{"id":2540,"href":"https:\/\/hhia.hamburg\/en\/wp-json\/wp\/v2\/pages\/2539\/revisions\/2540"}],"wp:attachment":[{"href":"https:\/\/hhia.hamburg\/en\/wp-json\/wp\/v2\/media?parent=2539"}],"curies":[{"name":"wp","href":"https:\/\/api.w.org\/{rel}","templated":true}]}}